{"id":18,"date":"2025-11-01T19:36:49","date_gmt":"2025-11-01T19:36:49","guid":{"rendered":"https:\/\/legadovivoediciones.com\/?page_id=18"},"modified":"2025-11-01T22:54:08","modified_gmt":"2025-11-01T22:54:08","slug":"nuestra-mision","status":"publish","type":"page","link":"https:\/\/legadovivoediciones.com\/?page_id=18","title":{"rendered":"Nuestra Misi\u00f3n"},"content":{"rendered":"\n<h2 class=\"wp-block-heading\"><strong>Encendiendo ra\u00edces que perduran<\/strong><\/h2>\n\n\n\n<p>En un mundo de respuestas r\u00e1pidas y fe superficial, creemos que el alma necesita volver a lo esencial: conocer a Dios de forma real, profunda y transformadora. Las personas buscan sentido, pero muchas veces encuentran ruido. Por eso, en Legado Vivo creemos que la verdad del Evangelio sigue siendo la respuesta m\u00e1s poderosa para un coraz\u00f3n sediento.<\/p>\n\n\n\n<p>Legado Vivo Ediciones nace de un llamado a edificar vidas con prop\u00f3sito eterno. Creamos y publicamos libros, estudios b\u00edblicos y recursos que ayudan a j\u00f3venes y adultos a fortalecer su fe, comprender las Escrituras y vivir su relaci\u00f3n con Dios de manera pr\u00e1ctica, genuina y comprometida.<\/p>\n\n\n\n<p>Cada obra que desarrollamos busca dejar una huella duradera, un legado que inspire nuevas generaciones a seguir a Cristo.<\/p>\n\n\n\n<p>Nuestra visi\u00f3n es ver a j\u00f3venes y adultos viviendo una fe s\u00f3lida, cultivada desde adentro, con ra\u00edces firmes en la Palabra y frutos visibles en cada \u00e1rea de su vida. Queremos ser una voz que acompa\u00f1e el crecimiento espiritual, impulse el discipulado y promueva comunidades transformadas por el amor de Dios.<\/p>\n\n\n\n<p><strong>Explora nuestras colecciones y \u00fanete a este legado.<\/strong> Descubre historias, ense\u00f1anzas y verdades que renuevan el alma. Porque creemos que la fe que se vive, se comparte\u2026 y deja huella.<\/p>\n\n\n\n<p><\/p>\n","protected":false},"excerpt":{"rendered":"<p>Encendiendo ra\u00edces que perduran En un mundo de respuestas r\u00e1pidas y fe superficial, creemos que el alma necesita volver a [&hellip;]<\/p>\n","protected":false},"author":1,"featured_media":0,"parent":0,"menu_order":0,"comment_status":"closed","ping_status":"closed","template":"","meta":{"site-sidebar-layout":"default","site-content-layout":"","ast-site-content-layout":"default","site-content-style":"default","site-sidebar-style":"default","ast-global-header-display":"","ast-banner-title-visibility":"","ast-main-header-display":"","ast-hfb-above-header-display":"","ast-hfb-below-header-display":"","ast-hfb-mobile-header-display":"","site-post-title":"","ast-breadcrumbs-content":"","ast-featured-img":"","footer-sml-layout":"","ast-disable-related-posts":"","theme-transparent-header-meta":"","adv-header-id-meta":"","stick-header-meta":"","header-above-stick-meta":"","header-main-stick-meta":"","header-below-stick-meta":"","astra-migrate-meta-layouts":"default","ast-page-background-enabled":"default","ast-page-background-meta":{"desktop":{"background-color":"var(--ast-global-color-5)","background-image":"","background-repeat":"repeat","background-position":"center center","background-size":"auto","background-attachment":"scroll","background-type":"","background-media":"","overlay-type":"","overlay-color":"","overlay-opacity":"","overlay-gradient":""},"tablet":{"background-color":"","background-image":"","background-repeat":"repeat","background-position":"center center","background-size":"auto","background-attachment":"scroll","background-type":"","background-media":"","overlay-type":"","overlay-color":"","overlay-opacity":"","overlay-gradient":""},"mobile":{"background-color":"","background-image":"","background-repeat":"repeat","background-position":"center center","background-size":"auto","background-attachment":"scroll","background-type":"","background-media":"","overlay-type":"","overlay-color":"","overlay-opacity":"","overlay-gradient":""}},"ast-content-background-meta":{"desktop":{"background-color":"var(--ast-global-color-4)","background-image":"","background-repeat":"repeat","background-position":"center center","background-size":"auto","background-attachment":"scroll","background-type":"","background-media":"","overlay-type":"","overlay-color":"","overlay-opacity":"","overlay-gradient":""},"tablet":{"background-color":"var(--ast-global-color-4)","background-image":"","background-repeat":"repeat","background-position":"center center","background-size":"auto","background-attachment":"scroll","background-type":"","background-media":"","overlay-type":"","overlay-color":"","overlay-opacity":"","overlay-gradient":""},"mobile":{"background-color":"var(--ast-global-color-4)","background-image":"","background-repeat":"repeat","background-position":"center center","background-size":"auto","background-attachment":"scroll","background-type":"","background-media":"","overlay-type":"","overlay-color":"","overlay-opacity":"","overlay-gradient":""}},"footnotes":""},"class_list":["post-18","page","type-page","status-publish","hentry"],"_links":{"self":[{"href":"https:\/\/legadovivoediciones.com\/index.php?rest_route=\/wp\/v2\/pages\/18","targetHints":{"allow":["GET"]}}],"collection":[{"href":"https:\/\/legadovivoediciones.com\/index.php?rest_route=\/wp\/v2\/pages"}],"about":[{"href":"https:\/\/legadovivoediciones.com\/index.php?rest_route=\/wp\/v2\/types\/page"}],"author":[{"embeddable":true,"href":"https:\/\/legadovivoediciones.com\/index.php?rest_route=\/wp\/v2\/users\/1"}],"replies":[{"embeddable":true,"href":"https:\/\/legadovivoediciones.com\/index.php?rest_route=%2Fwp%2Fv2%2Fcomments&post=18"}],"version-history":[{"count":3,"href":"https:\/\/legadovivoediciones.com\/index.php?rest_route=\/wp\/v2\/pages\/18\/revisions"}],"predecessor-version":[{"id":86,"href":"https:\/\/legadovivoediciones.com\/index.php?rest_route=\/wp\/v2\/pages\/18\/revisions\/86"}],"wp:attachment":[{"href":"https:\/\/legadovivoediciones.com\/index.php?rest_route=%2Fwp%2Fv2%2Fmedia&parent=18"}],"curies":[{"name":"wp","href":"https:\/\/api.w.org\/{rel}","templated":true}]}}